{"id":29,"date":"2023-05-24T01:05:36","date_gmt":"2023-05-23T23:05:36","guid":{"rendered":"http:\/\/localhost:8080\/?page_id=29"},"modified":"2024-04-10T18:55:26","modified_gmt":"2024-04-10T16:55:26","slug":"trainingszeiten","status":"publish","type":"page","link":"https:\/\/test.kdsport.de\/?page_id=29","title":{"rendered":"Trainingszeiten"},"content":{"rendered":"\n<p>W\u00e4hrend der regul\u00e4ren Schulzeit gelten folgende Trainingszeiten.<\/p>\n\n\n\n<figure class=\"wp-block-image size-large\"><a href=\"http:\/\/localhost:8080\/wp-content\/uploads\/2023\/05\/KD_Trainingszeiten-ohne-Fotos-scaled.jpg\"><img loading=\"lazy\" decoding=\"async\" width=\"1024\" height=\"458\" src=\"http:\/\/localhost:8080\/wp-content\/uploads\/2023\/05\/KD_Trainingszeiten-ohne-Fotos-1024x458.jpg\" alt=\"\" class=\"wp-image-30\" srcset=\"https:\/\/test.kdsport.de\/wp-content\/uploads\/2023\/05\/KD_Trainingszeiten-ohne-Fotos-1024x458.jpg 1024w, https:\/\/test.kdsport.de\/wp-content\/uploads\/2023\/05\/KD_Trainingszeiten-ohne-Fotos-300x134.jpg 300w, https:\/\/test.kdsport.de\/wp-content\/uploads\/2023\/05\/KD_Trainingszeiten-ohne-Fotos-768x344.jpg 768w, https:\/\/test.kdsport.de\/wp-content\/uploads\/2023\/05\/KD_Trainingszeiten-ohne-Fotos-1536x687.jpg 1536w, https:\/\/test.kdsport.de\/wp-content\/uploads\/2023\/05\/KD_Trainingszeiten-ohne-Fotos-2048x916.jpg 2048w\" sizes=\"auto, (max-width: 1024px) 100vw, 1024px\" \/><\/a><\/figure>\n\n\n\n<p>W\u00e4hrend der bayerischen Schulferien werden alternative Trainingszeiten angeboten. Diese sind dann unter der Rubrik &#8222;Aktuelles&#8220; zu finden; auch die Schlie\u00dfungszeiten werden dort rechtzeitig angek\u00fcndigt. Die bayerischen Schulferien entnehmen Sie bitte externen Anbietern, wie z.B.<br><a href=\"http:\/\/www.schulferien.org\/deutschland\/ferien\/bayern\" data-type=\"link\" data-id=\"www.schulferien.org\/Bayern\/bayern.html\" target=\"_blank\" rel=\"noreferrer noopener\">www.schulferien.org\/deutschland\/ferien\/bayern<\/a>.<\/p>\n","protected":false},"excerpt":{"rendered":"<p>W\u00e4hrend der regul\u00e4ren Schulzeit gelten folgende Trainingszeiten. W\u00e4hrend der bayerischen Schulferien werden alternative Trainingszeiten angeboten. Diese sind dann unter der Rubrik &#8222;Aktuelles&#8220; zu finden; auch die Schlie\u00dfungszeiten werden dort rechtzeitig angek\u00fcndigt. Die bayerischen Schulferien entnehmen Sie bitte externen Anbietern, wie z.B.www.schulferien.org\/deutschland\/ferien\/bayern.<\/p>\n","protected":false},"author":2,"featured_media":0,"parent":26,"menu_order":0,"comment_status":"closed","ping_status":"closed","template":"","meta":{"footnotes":""},"class_list":["post-29","page","type-page","status-publish","hentry"],"_links":{"self":[{"href":"https:\/\/test.kdsport.de\/index.php?rest_route=\/wp\/v2\/pages\/29","targetHints":{"allow":["GET"]}}],"collection":[{"href":"https:\/\/test.kdsport.de\/index.php?rest_route=\/wp\/v2\/pages"}],"about":[{"href":"https:\/\/test.kdsport.de\/index.php?rest_route=\/wp\/v2\/types\/page"}],"author":[{"embeddable":true,"href":"https:\/\/test.kdsport.de\/index.php?rest_route=\/wp\/v2\/users\/2"}],"replies":[{"embeddable":true,"href":"https:\/\/test.kdsport.de\/index.php?rest_route=%2Fwp%2Fv2%2Fcomments&post=29"}],"version-history":[{"count":7,"href":"https:\/\/test.kdsport.de\/index.php?rest_route=\/wp\/v2\/pages\/29\/revisions"}],"predecessor-version":[{"id":338,"href":"https:\/\/test.kdsport.de\/index.php?rest_route=\/wp\/v2\/pages\/29\/revisions\/338"}],"up":[{"embeddable":true,"href":"https:\/\/test.kdsport.de\/index.php?rest_route=\/wp\/v2\/pages\/26"}],"wp:attachment":[{"href":"https:\/\/test.kdsport.de\/index.php?rest_route=%2Fwp%2Fv2%2Fmedia&parent=29"}],"curies":[{"name":"wp","href":"https:\/\/api.w.org\/{rel}","templated":true}]}}