{"id":66,"date":"2023-05-24T16:01:09","date_gmt":"2023-05-24T14:01:09","guid":{"rendered":"http:\/\/localhost:8080\/?page_id=66"},"modified":"2024-04-10T14:10:03","modified_gmt":"2024-04-10T12:10:03","slug":"impressum","status":"publish","type":"page","link":"https:\/\/test.kdsport.de\/?page_id=66","title":{"rendered":"Impressum"},"content":{"rendered":"\n<p>Koreanisch Deutsches Sportinstitut e.V.<br>Abteilung TaeKwonDo<br><br><strong>Postanschrift:<\/strong><br>Tumblingerstr. 34<br>80337 M\u00fcnchen<br><br><strong>Kontakt:<\/strong><br>\u2022 Telefon 089 \/ 72017790<br>\u2022 Fax 089 \/ 72017791<\/p>\n\n\n\n<p><strong>E-Mail:<\/strong><br><a href=\"mailto:info@kdsport.de\">info@kdsport.de<\/a><\/p>\n\n\n\n<p><strong>Website:<\/strong><br><a href=\"http:\/\/www.kdsport.de\">www.kdsport.de<\/a> oder <a href=\"http:\/\/www.taekwondo-sport-muenchen.de\">www.taekwondo-sport-muenchen.de<\/a><br><\/p>\n\n\n\n<p><strong>Vorstand:<\/strong> Stefan Knaup (1. Vorsitzender), Chun-Wook Park (Schatzmeisterin), Peter Walker (Schriftf\u00fchrer)<\/p>\n\n\n\n<p><br><strong>Registergericht: Amtsgericht M\u00fcnchen Nr. 202188<\/strong><br><br><strong>Haftungshinweis: Trotz sorgf\u00e4ltiger inhaltlicher Kontrolle \u00fcbernehmen wir keine Haftung f\u00fcr die Inhalte externer Links. F\u00fcr den Inhalt der verlinkten Seiten sind ausschlie\u00dflich deren Betreiber verantwortlich.<\/strong><br><\/p>\n\n\n\n<p><strong>Datenschutzbestimmungen zu Einsatz und Verwendung des Yolawo-Buchungssystems<\/strong><br><br>Diese Webseite benutzt das Buchungssystem der Yolawo UG (haftungsbeschr\u00e4nkt) (\u201eYolawo\u201c). Yolawo ist eine Buchungssoftware, die es dem&nbsp;<strong>Koreanisch Deutsches Sportinstitut e.V.<\/strong> erm\u00f6glicht, Online-Anmeldungen und -Bezahlungen f\u00fcr seine Sportangebote \u00fcber diese Webseite abzuwickeln. Daher wird beim Besuch derjenigen Unterseiten dieser Webseite, die das Yolawo-Buchungssystem eingebettet haben, eine direkte Verbindung zu den Yolawo-Servern hergestellt. Da die Nutzung des Yolawo-Buchungssystems im Interesse einer nutzerfreundlichen Online-Buchung erfolgt, besteht ein berechtigtes Interesse im Sinne von Art. 6 Abs. 1 lit. f DSGVO. Alle personenbezogenen Daten, die bei einer Anmeldung \u00fcber das Yolawo-Buchungssystem eingegeben werden, werden somit auch an Yolawo \u00fcbermittelt. Wir haben mit Yolawo eine vertragliche Vereinbarung zur Verarbeitung der Daten i.S.d. Art. 28 DSGVO abgeschlossen. Yolawo und seine Dienstleistungspartner (z. B. der zertifizierte Zahldienstleister Adyen BV, Simon Carmiggelstraat 6 \u2013 50, 1011 DJ Amsterdam) nutzen diese Daten ausschlie\u00dflich dazu, die eingegangen Buchungen und Bezahlungen im Auftrag des <strong>Koreanisch Deutsches Sportinstitut e.V.<\/strong> abzuwickeln. Es wird somit sichergestellt, dass weder Yolawo noch Dritte die Daten f\u00fcr andere Zwecke als f\u00fcr die Abwicklung der Buchungen nutzen d\u00fcrfen.<\/p>\n","protected":false},"excerpt":{"rendered":"<p>Koreanisch Deutsches Sportinstitut e.V.Abteilung TaeKwonDo Postanschrift:Tumblingerstr. 3480337 M\u00fcnchen Kontakt:\u2022 Telefon 089 \/ 72017790\u2022 Fax 089 \/ 72017791 E-Mail:info@kdsport.de Website:www.kdsport.de oder www.taekwondo-sport-muenchen.de Vorstand: Stefan Knaup (1. Vorsitzender), Chun-Wook Park (Schatzmeisterin), Peter Walker (Schriftf\u00fchrer) Registergericht: Amtsgericht M\u00fcnchen Nr. 202188 Haftungshinweis: Trotz sorgf\u00e4ltiger inhaltlicher Kontrolle \u00fcbernehmen wir keine Haftung f\u00fcr die Inhalte externer Links. F\u00fcr den Inhalt der [&hellip;]<\/p>\n","protected":false},"author":2,"featured_media":0,"parent":112,"menu_order":6,"comment_status":"closed","ping_status":"closed","template":"","meta":{"footnotes":""},"class_list":["post-66","page","type-page","status-publish","hentry"],"_links":{"self":[{"href":"https:\/\/test.kdsport.de\/index.php?rest_route=\/wp\/v2\/pages\/66","targetHints":{"allow":["GET"]}}],"collection":[{"href":"https:\/\/test.kdsport.de\/index.php?rest_route=\/wp\/v2\/pages"}],"about":[{"href":"https:\/\/test.kdsport.de\/index.php?rest_route=\/wp\/v2\/types\/page"}],"author":[{"embeddable":true,"href":"https:\/\/test.kdsport.de\/index.php?rest_route=\/wp\/v2\/users\/2"}],"replies":[{"embeddable":true,"href":"https:\/\/test.kdsport.de\/index.php?rest_route=%2Fwp%2Fv2%2Fcomments&post=66"}],"version-history":[{"count":5,"href":"https:\/\/test.kdsport.de\/index.php?rest_route=\/wp\/v2\/pages\/66\/revisions"}],"predecessor-version":[{"id":284,"href":"https:\/\/test.kdsport.de\/index.php?rest_route=\/wp\/v2\/pages\/66\/revisions\/284"}],"up":[{"embeddable":true,"href":"https:\/\/test.kdsport.de\/index.php?rest_route=\/wp\/v2\/pages\/112"}],"wp:attachment":[{"href":"https:\/\/test.kdsport.de\/index.php?rest_route=%2Fwp%2Fv2%2Fmedia&parent=66"}],"curies":[{"name":"wp","href":"https:\/\/api.w.org\/{rel}","templated":true}]}}